{"id":10477,"date":"2024-03-08T09:03:26","date_gmt":"2024-03-08T14:03:26","guid":{"rendered":"https:\/\/wheelchairvans.ca\/driverge-vehicle-innovations-prend-de-lexpansion-a-lechelle-internationale-grace-a-lacquisition-dune-entreprise-canadienne-de-conversion-de-fourgonnettes-pour-faute\/"},"modified":"2025-09-12T09:33:56","modified_gmt":"2025-09-12T13:33:56","slug":"driverge-vehicle-innovations-prend-de-lexpansion-a-lechelle-internationale-grace-a-lacquisition-dune-entreprise-canadienne-de-conversion-de-fourgonnettes-pour-faute","status":"publish","type":"page","link":"https:\/\/wheelchairvans.ca\/fr-ca\/driverge-vehicle-innovations-prend-de-lexpansion-a-lechelle-internationale-grace-a-lacquisition-dune-entreprise-canadienne-de-conversion-de-fourgonnettes-pour-faute\/","title":{"rendered":"Driverge Vehicle Innovations prend de l\u2019expansion \u00e0 l\u2019\u00e9chelle internationale gr\u00e2ce \u00e0 l\u2019acquisition d\u2019une entreprise canadienne de conversion de fourgonnettes pour fauteuils roulants"},"content":{"rendered":"\t\t<div data-elementor-type=\"wp-page\" data-elementor-id=\"10477\" class=\"elementor elementor-10477 elementor-10369\" data-elementor-post-type=\"page\">\n\t\t\t\t\t\t<section class=\"elementor-section elementor-top-section elementor-element elementor-element-7d41e0c elementor-section-boxed elementor-section-height-default elementor-section-height-default\" data-id=\"7d41e0c\" data-element_type=\"section\" data-e-type=\"section\">\n\t\t\t\t\t\t<div class=\"elementor-container elementor-column-gap-default\">\n\t\t\t\t\t<div class=\"elementor-column elementor-col-100 elementor-top-column elementor-element elementor-element-bc680a3\" data-id=\"bc680a3\" data-element_type=\"column\" data-e-type=\"column\">\n\t\t\t<div class=\"elementor-widget-wrap elementor-element-populated\">\n\t\t\t\t\t\t<div class=\"elementor-element elementor-element-cc7ca3f elementor-widget elementor-widget-image\" data-id=\"cc7ca3f\" data-element_type=\"widget\" data-e-type=\"widget\" data-widget_type=\"image.default\">\n\t\t\t\t<div class=\"elementor-widget-container\">\n\t\t\t\t\t\t\t\t\t\t\t\t\t\t\t<img decoding=\"async\" src=\"https:\/\/wheelchairvans.ca\/wp-content\/uploads\/2024\/03\/driverge-canada-logo.png\" title=\"\" alt=\"\" loading=\"lazy\" \/>\t\t\t\t\t\t\t\t\t\t\t\t\t\t\t<\/div>\n\t\t\t\t<\/div>\n\t\t\t\t<div class=\"elementor-element elementor-element-b219747 elementor-widget elementor-widget-heading\" data-id=\"b219747\" data-element_type=\"widget\" data-e-type=\"widget\" data-widget_type=\"heading.default\">\n\t\t\t\t<div class=\"elementor-widget-container\">\n\t\t\t\t\t<h1 class=\"elementor-heading-title elementor-size-default\">Driverge Vehicle Innovations prend de l\u2019expansion \u00e0 l\u2019\u00e9chelle internationale gr\u00e2ce \u00e0 l\u2019acquisition d\u2019une entreprise canadienne de conversion de fourgonnettes pour fauteuils roulants<\/h1>\t\t\t\t<\/div>\n\t\t\t\t<\/div>\n\t\t\t\t<div class=\"elementor-element elementor-element-5fb4b2b elementor-widget elementor-widget-image\" data-id=\"5fb4b2b\" data-element_type=\"widget\" data-e-type=\"widget\" data-widget_type=\"image.default\">\n\t\t\t\t<div class=\"elementor-widget-container\">\n\t\t\t\t\t\t\t\t\t\t\t\t\t\t\t<img fetchpriority=\"high\" decoding=\"async\" width=\"1200\" height=\"450\" src=\"https:\/\/wheelchairvans.ca\/wp-content\/uploads\/2024\/03\/van-action-freedom-motors-driverge-post-update.jpg\" class=\"attachment-full size-full wp-image-10478\" alt=\"\" srcset=\"https:\/\/wheelchairvans.ca\/wp-content\/uploads\/2024\/03\/van-action-freedom-motors-driverge-post-update.jpg 1200w, https:\/\/wheelchairvans.ca\/wp-content\/uploads\/2024\/03\/van-action-freedom-motors-driverge-post-update-300x113.jpg 300w, https:\/\/wheelchairvans.ca\/wp-content\/uploads\/2024\/03\/van-action-freedom-motors-driverge-post-update-1024x384.jpg 1024w, https:\/\/wheelchairvans.ca\/wp-content\/uploads\/2024\/03\/van-action-freedom-motors-driverge-post-update-768x288.jpg 768w, https:\/\/wheelchairvans.ca\/wp-content\/uploads\/2024\/03\/van-action-freedom-motors-driverge-post-update-600x225.jpg 600w\" sizes=\"(max-width: 1200px) 100vw, 1200px\" \/>\t\t\t\t\t\t\t\t\t\t\t\t\t\t\t<\/div>\n\t\t\t\t<\/div>\n\t\t\t\t<div class=\"elementor-element elementor-element-6ea8783 elementor-widget elementor-widget-text-editor\" data-id=\"6ea8783\" data-element_type=\"widget\" data-e-type=\"widget\" data-widget_type=\"text-editor.default\">\n\t\t\t\t<div class=\"elementor-widget-container\">\n\t\t\t\t\t\t\t\t\t<p><a href=\"https:\/\/www.driverge.com\/\" target=\"_blank\" rel=\"noopener\">Driverge Vehicle Innovations<\/a>, l\u2019un des principaux constructeurs de fourgonnettes, de navettes et de transporteurs accessibles aux fauteuils roulants au pays, a annonc\u00e9 aujourd\u2019hui qu\u2019elle a r\u00e9cemment acquis Van-Action (2005) Inc. et Freedom Motors Inc., l\u2019entreprise canadienne de fabrication de conversion de fourgonnettes pour fauteuils roulants de Savaria Corporation. En plus d\u2019augmenter ses capacit\u00e9s de production, cette \u00e9tape strat\u00e9gique \u00e9tablit la pr\u00e9sence internationale de Driverge, marquant une \u00e9tape importante dans l\u2019histoire de l\u2019entreprise.<\/p><p>Cette acquisition \u00e9largit l\u2019empreinte de Driverge en ajoutant deux sites de fabrication au Canada. L\u2019ajout des activit\u00e9s de Freedom Motors Inc. et de Van-Action (2005) Inc. s\u2019harmonise avec la strat\u00e9gie de croissance \u00e0 long terme de Driverge et son engagement \u00e0 fournir des solutions automobiles innovantes \u00e0 sa client\u00e8le diversifi\u00e9e.<\/p><p>\u00ab Savaria est un partenaire important \u00e0 long terme et nous sommes ravis d\u2019annoncer l\u2019acquisition de Van-Action (2005) Inc. et de Freedom Motors Inc., et d\u2019accueillir les membres talentueux de leur \u00e9quipe au sein de notre organisation. Cette d\u00e9cision soutient non seulement notre engagement envers l\u2019innovation, mais augmente \u00e9galement notre capacit\u00e9 \u00e0 fournir des solutions qui changent la vie des personnes confront\u00e9es \u00e0 des d\u00e9fis de mobilit\u00e9 \u00bb, a d\u00e9clar\u00e9 Mark Minatel, pr\u00e9sident de Driverge Vehicle Innovations.<\/p><p>Driverge Vehicle Innovations tirera parti des installations acquises pour \u00e9largir sa gamme de produits de consommation, en mettant l\u2019accent sur la cr\u00e9ation de solutions de transport personnalis\u00e9es et fiables pour les personnes \u00e0 mobilit\u00e9 r\u00e9duite. L\u2019entreprise se r\u00e9jouit \u00e0 la perspective d\u2019un processus d\u2019int\u00e9gration r\u00e9ussi et de la livraison continue de solutions de mobilit\u00e9 innovantes.<\/p><p><strong>\u00c0 propos de Driverge Vehicle Innovations<\/strong><\/p><p><a href=\"https:\/\/www.driverge.com\/\" target=\"_blank\" rel=\"noopener\">Driverge Vehicle Innovations<\/a> est l\u2019un des principaux constructeurs de fourgonnettes, de navettes, de transporteurs, de v\u00e9hicules professionnels et de v\u00e9hicules de travail accessibles au pays. Driverge est un ford Pro Upfitter, Mercedes-Benz eXpertSOLUTIONS Upfitter et Ram Commercial Q-Pro fournisseur. Avec des installations de fabrication en Ohio, au Kansas, en Caroline du Sud et en Californie, Driverge fournit des conversions de v\u00e9hicules \u00e0 de nombreuses industries et agences gouvernementales, y compris les soins de sant\u00e9, les services de transport en fauteuil roulant, la gestion de flotte, l\u2019h\u00f4tellerie, le covoiturage et d\u2019autres march\u00e9s professionnels. Driverge a acquis la soci\u00e9t\u00e9 d\u2019\u00e9quipement commercial upfitters U.S. Upfitters en 2022, qui exploite des installations dans l\u2019Illinois, le Wisconsin, le Maryland et le Colorado. Driverge Vehicle Innovations et MobilityWorks forment ensemble WMK, LLC, cr\u00e9\u00e9e en 1997 et reconnue sur la liste Inc. 500|5000 de Inc. Les soci\u00e9t\u00e9s priv\u00e9es \u00e0 la croissance la plus rapide du magazine, ainsi que la liste des plus grands lieux de travail d\u2019Am\u00e9rique de Newsweek.<\/p>\t\t\t\t\t\t\t\t<\/div>\n\t\t\t\t<\/div>\n\t\t\t\t\t<\/div>\n\t\t<\/div>\n\t\t\t\t\t<\/div>\n\t\t<\/section>\n\t\t\t\t<\/div>\n\t\t","protected":false},"excerpt":{"rendered":"<p>Driverge Vehicle Innovations prend de l\u2019expansion \u00e0 l\u2019\u00e9chelle internationale gr\u00e2ce \u00e0 l\u2019acquisition d\u2019une entreprise canadienne de conversion de fourgonnettes pour fauteuils roulants Driverge Vehicle Innovations, l\u2019un des principaux constructeurs de fourgonnettes, de navettes et de transporteurs accessibles aux fauteuils roulants au pays, a annonc\u00e9 aujourd\u2019hui qu\u2019elle a r\u00e9cemment acquis Van-Action (2005) Inc. et Freedom Motors [&hellip;]<\/p>\n","protected":false},"author":4,"featured_media":10543,"parent":0,"menu_order":0,"comment_status":"closed","ping_status":"closed","template":"","meta":{"footnotes":""},"class_list":["post-10477","page","type-page","status-publish","has-post-thumbnail","hentry"],"yoast_head":"<!-- This site is optimized with the Yoast SEO Premium plugin v27.4 (Yoast SEO v27.5) - https:\/\/yoast.com\/product\/yoast-seo-premium-wordpress\/ -->\n<title>Driverge Vehicle Innovations prend de l\u2019expansion \u00e0 l\u2019\u00e9chelle internationale gr\u00e2ce \u00e0 l\u2019acquisition d\u2019une entreprise canadienne de conversion de fourgonnettes pour fauteuils roulants | Driverge Canada ULC<\/title>\n<meta name=\"robots\" content=\"index, follow, max-snippet:-1, max-image-preview:large, max-video-preview:-1\" \/>\n<link rel=\"canonical\" href=\"https:\/\/wheelchairvans.ca\/fr-ca\/driverge-vehicle-innovations-prend-de-lexpansion-a-lechelle-internationale-grace-a-lacquisition-dune-entreprise-canadienne-de-conversion-de-fourgonnettes-pour-faute\/\" \/>\n<meta property=\"og:locale\" content=\"fr_CA\" \/>\n<meta property=\"og:type\" content=\"article\" \/>\n<meta property=\"og:title\" content=\"Driverge Vehicle Innovations prend de l\u2019expansion \u00e0 l\u2019\u00e9chelle internationale gr\u00e2ce \u00e0 l\u2019acquisition d\u2019une entreprise canadienne de conversion de fourgonnettes pour fauteuils roulants\" \/>\n<meta property=\"og:description\" content=\"Driverge Vehicle Innovations prend de l\u2019expansion \u00e0 l\u2019\u00e9chelle internationale gr\u00e2ce \u00e0 l\u2019acquisition d\u2019une entreprise canadienne de conversion de fourgonnettes pour fauteuils roulants Driverge Vehicle Innovations, l\u2019un des principaux constructeurs de fourgonnettes, de navettes et de transporteurs accessibles aux fauteuils roulants au pays, a annonc\u00e9 aujourd\u2019hui qu\u2019elle a r\u00e9cemment acquis Van-Action (2005) Inc. et Freedom Motors [&hellip;]\" \/>\n<meta property=\"og:url\" content=\"https:\/\/wheelchairvans.ca\/fr-ca\/driverge-vehicle-innovations-prend-de-lexpansion-a-lechelle-internationale-grace-a-lacquisition-dune-entreprise-canadienne-de-conversion-de-fourgonnettes-pour-faute\/\" \/>\n<meta property=\"og:site_name\" content=\"Driverge Canada ULC\" \/>\n<meta property=\"article:publisher\" content=\"https:\/\/www.facebook.com\/savariabettermobility\" \/>\n<meta property=\"article:modified_time\" content=\"2025-09-12T13:33:56+00:00\" \/>\n<meta property=\"og:image\" content=\"https:\/\/wheelchairvans.ca\/wp-content\/uploads\/2024\/03\/driverge-canada-logo-color-2.png\" \/>\n\t<meta property=\"og:image:width\" content=\"800\" \/>\n\t<meta property=\"og:image:height\" content=\"195\" \/>\n\t<meta property=\"og:image:type\" content=\"image\/png\" \/>\n<meta name=\"twitter:card\" content=\"summary_large_image\" \/>\n<meta name=\"twitter:site\" content=\"@mobilityforlife\" \/>\n<meta name=\"twitter:label1\" content=\"Est. reading time\" \/>\n\t<meta name=\"twitter:data1\" content=\"2 minutes\" \/>\n<script type=\"application\/ld+json\" class=\"yoast-schema-graph\">{\"@context\":\"https:\\\/\\\/schema.org\",\"@graph\":[{\"@type\":\"WebPage\",\"@id\":\"https:\\\/\\\/wheelchairvans.ca\\\/fr-ca\\\/driverge-vehicle-innovations-prend-de-lexpansion-a-lechelle-internationale-grace-a-lacquisition-dune-entreprise-canadienne-de-conversion-de-fourgonnettes-pour-faute\\\/\",\"url\":\"https:\\\/\\\/wheelchairvans.ca\\\/fr-ca\\\/driverge-vehicle-innovations-prend-de-lexpansion-a-lechelle-internationale-grace-a-lacquisition-dune-entreprise-canadienne-de-conversion-de-fourgonnettes-pour-faute\\\/\",\"name\":\"Driverge Vehicle Innovations prend de l\u2019expansion \u00e0 l\u2019\u00e9chelle internationale gr\u00e2ce \u00e0 l\u2019acquisition d\u2019une entreprise canadienne de conversion de fourgonnettes pour fauteuils roulants | Driverge Canada ULC\",\"isPartOf\":{\"@id\":\"https:\\\/\\\/wheelchairvans.ca\\\/fr-ca\\\/#website\"},\"primaryImageOfPage\":{\"@id\":\"https:\\\/\\\/wheelchairvans.ca\\\/fr-ca\\\/driverge-vehicle-innovations-prend-de-lexpansion-a-lechelle-internationale-grace-a-lacquisition-dune-entreprise-canadienne-de-conversion-de-fourgonnettes-pour-faute\\\/#primaryimage\"},\"image\":{\"@id\":\"https:\\\/\\\/wheelchairvans.ca\\\/fr-ca\\\/driverge-vehicle-innovations-prend-de-lexpansion-a-lechelle-internationale-grace-a-lacquisition-dune-entreprise-canadienne-de-conversion-de-fourgonnettes-pour-faute\\\/#primaryimage\"},\"thumbnailUrl\":\"https:\\\/\\\/wheelchairvans.ca\\\/wp-content\\\/uploads\\\/2024\\\/03\\\/driverge-canada-logo-color-2.png\",\"datePublished\":\"2024-03-08T14:03:26+00:00\",\"dateModified\":\"2025-09-12T13:33:56+00:00\",\"breadcrumb\":{\"@id\":\"https:\\\/\\\/wheelchairvans.ca\\\/fr-ca\\\/driverge-vehicle-innovations-prend-de-lexpansion-a-lechelle-internationale-grace-a-lacquisition-dune-entreprise-canadienne-de-conversion-de-fourgonnettes-pour-faute\\\/#breadcrumb\"},\"inLanguage\":\"fr-CA\",\"potentialAction\":[{\"@type\":\"ReadAction\",\"target\":[\"https:\\\/\\\/wheelchairvans.ca\\\/fr-ca\\\/driverge-vehicle-innovations-prend-de-lexpansion-a-lechelle-internationale-grace-a-lacquisition-dune-entreprise-canadienne-de-conversion-de-fourgonnettes-pour-faute\\\/\"]}]},{\"@type\":\"ImageObject\",\"inLanguage\":\"fr-CA\",\"@id\":\"https:\\\/\\\/wheelchairvans.ca\\\/fr-ca\\\/driverge-vehicle-innovations-prend-de-lexpansion-a-lechelle-internationale-grace-a-lacquisition-dune-entreprise-canadienne-de-conversion-de-fourgonnettes-pour-faute\\\/#primaryimage\",\"url\":\"https:\\\/\\\/wheelchairvans.ca\\\/wp-content\\\/uploads\\\/2024\\\/03\\\/driverge-canada-logo-color-2.png\",\"contentUrl\":\"https:\\\/\\\/wheelchairvans.ca\\\/wp-content\\\/uploads\\\/2024\\\/03\\\/driverge-canada-logo-color-2.png\",\"width\":800,\"height\":195,\"caption\":\"Driverge Canada Logo\"},{\"@type\":\"BreadcrumbList\",\"@id\":\"https:\\\/\\\/wheelchairvans.ca\\\/fr-ca\\\/driverge-vehicle-innovations-prend-de-lexpansion-a-lechelle-internationale-grace-a-lacquisition-dune-entreprise-canadienne-de-conversion-de-fourgonnettes-pour-faute\\\/#breadcrumb\",\"itemListElement\":[{\"@type\":\"ListItem\",\"position\":1,\"name\":\"Home\",\"item\":\"https:\\\/\\\/wheelchairvans.ca\\\/fr-ca\\\/accueil\\\/\"},{\"@type\":\"ListItem\",\"position\":2,\"name\":\"Driverge Vehicle Innovations prend de l\u2019expansion \u00e0 l\u2019\u00e9chelle internationale gr\u00e2ce \u00e0 l\u2019acquisition d\u2019une entreprise canadienne de conversion de fourgonnettes pour fauteuils roulants\"}]},{\"@type\":\"WebSite\",\"@id\":\"https:\\\/\\\/wheelchairvans.ca\\\/fr-ca\\\/#website\",\"url\":\"https:\\\/\\\/wheelchairvans.ca\\\/fr-ca\\\/\",\"name\":\"Driverge Canada ULC\",\"description\":\"\",\"publisher\":{\"@id\":\"https:\\\/\\\/wheelchairvans.ca\\\/fr-ca\\\/#organization\"},\"potentialAction\":[{\"@type\":\"SearchAction\",\"target\":{\"@type\":\"EntryPoint\",\"urlTemplate\":\"https:\\\/\\\/wheelchairvans.ca\\\/fr-ca\\\/?s={search_term_string}\"},\"query-input\":{\"@type\":\"PropertyValueSpecification\",\"valueRequired\":true,\"valueName\":\"search_term_string\"}}],\"inLanguage\":\"fr-CA\"},{\"@type\":\"Organization\",\"@id\":\"https:\\\/\\\/wheelchairvans.ca\\\/fr-ca\\\/#organization\",\"name\":\"Driverge Canada ULC\",\"url\":\"https:\\\/\\\/wheelchairvans.ca\\\/fr-ca\\\/\",\"logo\":{\"@type\":\"ImageObject\",\"inLanguage\":\"fr-CA\",\"@id\":\"https:\\\/\\\/wheelchairvans.ca\\\/fr-ca\\\/#\\\/schema\\\/logo\\\/image\\\/\",\"url\":\"https:\\\/\\\/wheelchairvans.ca\\\/wp-content\\\/uploads\\\/2025\\\/09\\\/driverge-canada-logo-2.png\",\"contentUrl\":\"https:\\\/\\\/wheelchairvans.ca\\\/wp-content\\\/uploads\\\/2025\\\/09\\\/driverge-canada-logo-2.png\",\"width\":800,\"height\":195,\"caption\":\"Driverge Canada ULC\"},\"image\":{\"@id\":\"https:\\\/\\\/wheelchairvans.ca\\\/fr-ca\\\/#\\\/schema\\\/logo\\\/image\\\/\"},\"sameAs\":[\"https:\\\/\\\/www.facebook.com\\\/savariabettermobility\",\"https:\\\/\\\/x.com\\\/mobilityforlife\",\"https:\\\/\\\/www.linkedin.com\\\/company\\\/savaria\\\/\"]}]}<\/script>\n<!-- \/ Yoast SEO Premium plugin. -->","yoast_head_json":{"title":"Driverge Vehicle Innovations prend de l\u2019expansion \u00e0 l\u2019\u00e9chelle internationale gr\u00e2ce \u00e0 l\u2019acquisition d\u2019une entreprise canadienne de conversion de fourgonnettes pour fauteuils roulants | Driverge Canada ULC","robots":{"index":"index","follow":"follow","max-snippet":"max-snippet:-1","max-image-preview":"max-image-preview:large","max-video-preview":"max-video-preview:-1"},"canonical":"https:\/\/wheelchairvans.ca\/fr-ca\/driverge-vehicle-innovations-prend-de-lexpansion-a-lechelle-internationale-grace-a-lacquisition-dune-entreprise-canadienne-de-conversion-de-fourgonnettes-pour-faute\/","og_locale":"fr_CA","og_type":"article","og_title":"Driverge Vehicle Innovations prend de l\u2019expansion \u00e0 l\u2019\u00e9chelle internationale gr\u00e2ce \u00e0 l\u2019acquisition d\u2019une entreprise canadienne de conversion de fourgonnettes pour fauteuils roulants","og_description":"Driverge Vehicle Innovations prend de l\u2019expansion \u00e0 l\u2019\u00e9chelle internationale gr\u00e2ce \u00e0 l\u2019acquisition d\u2019une entreprise canadienne de conversion de fourgonnettes pour fauteuils roulants Driverge Vehicle Innovations, l\u2019un des principaux constructeurs de fourgonnettes, de navettes et de transporteurs accessibles aux fauteuils roulants au pays, a annonc\u00e9 aujourd\u2019hui qu\u2019elle a r\u00e9cemment acquis Van-Action (2005) Inc. et Freedom Motors [&hellip;]","og_url":"https:\/\/wheelchairvans.ca\/fr-ca\/driverge-vehicle-innovations-prend-de-lexpansion-a-lechelle-internationale-grace-a-lacquisition-dune-entreprise-canadienne-de-conversion-de-fourgonnettes-pour-faute\/","og_site_name":"Driverge Canada ULC","article_publisher":"https:\/\/www.facebook.com\/savariabettermobility","article_modified_time":"2025-09-12T13:33:56+00:00","og_image":[{"width":800,"height":195,"url":"https:\/\/wheelchairvans.ca\/wp-content\/uploads\/2024\/03\/driverge-canada-logo-color-2.png","type":"image\/png"}],"twitter_card":"summary_large_image","twitter_site":"@mobilityforlife","twitter_misc":{"Est. reading time":"2 minutes"},"schema":{"@context":"https:\/\/schema.org","@graph":[{"@type":"WebPage","@id":"https:\/\/wheelchairvans.ca\/fr-ca\/driverge-vehicle-innovations-prend-de-lexpansion-a-lechelle-internationale-grace-a-lacquisition-dune-entreprise-canadienne-de-conversion-de-fourgonnettes-pour-faute\/","url":"https:\/\/wheelchairvans.ca\/fr-ca\/driverge-vehicle-innovations-prend-de-lexpansion-a-lechelle-internationale-grace-a-lacquisition-dune-entreprise-canadienne-de-conversion-de-fourgonnettes-pour-faute\/","name":"Driverge Vehicle Innovations prend de l\u2019expansion \u00e0 l\u2019\u00e9chelle internationale gr\u00e2ce \u00e0 l\u2019acquisition d\u2019une entreprise canadienne de conversion de fourgonnettes pour fauteuils roulants | Driverge Canada ULC","isPartOf":{"@id":"https:\/\/wheelchairvans.ca\/fr-ca\/#website"},"primaryImageOfPage":{"@id":"https:\/\/wheelchairvans.ca\/fr-ca\/driverge-vehicle-innovations-prend-de-lexpansion-a-lechelle-internationale-grace-a-lacquisition-dune-entreprise-canadienne-de-conversion-de-fourgonnettes-pour-faute\/#primaryimage"},"image":{"@id":"https:\/\/wheelchairvans.ca\/fr-ca\/driverge-vehicle-innovations-prend-de-lexpansion-a-lechelle-internationale-grace-a-lacquisition-dune-entreprise-canadienne-de-conversion-de-fourgonnettes-pour-faute\/#primaryimage"},"thumbnailUrl":"https:\/\/wheelchairvans.ca\/wp-content\/uploads\/2024\/03\/driverge-canada-logo-color-2.png","datePublished":"2024-03-08T14:03:26+00:00","dateModified":"2025-09-12T13:33:56+00:00","breadcrumb":{"@id":"https:\/\/wheelchairvans.ca\/fr-ca\/driverge-vehicle-innovations-prend-de-lexpansion-a-lechelle-internationale-grace-a-lacquisition-dune-entreprise-canadienne-de-conversion-de-fourgonnettes-pour-faute\/#breadcrumb"},"inLanguage":"fr-CA","potentialAction":[{"@type":"ReadAction","target":["https:\/\/wheelchairvans.ca\/fr-ca\/driverge-vehicle-innovations-prend-de-lexpansion-a-lechelle-internationale-grace-a-lacquisition-dune-entreprise-canadienne-de-conversion-de-fourgonnettes-pour-faute\/"]}]},{"@type":"ImageObject","inLanguage":"fr-CA","@id":"https:\/\/wheelchairvans.ca\/fr-ca\/driverge-vehicle-innovations-prend-de-lexpansion-a-lechelle-internationale-grace-a-lacquisition-dune-entreprise-canadienne-de-conversion-de-fourgonnettes-pour-faute\/#primaryimage","url":"https:\/\/wheelchairvans.ca\/wp-content\/uploads\/2024\/03\/driverge-canada-logo-color-2.png","contentUrl":"https:\/\/wheelchairvans.ca\/wp-content\/uploads\/2024\/03\/driverge-canada-logo-color-2.png","width":800,"height":195,"caption":"Driverge Canada Logo"},{"@type":"BreadcrumbList","@id":"https:\/\/wheelchairvans.ca\/fr-ca\/driverge-vehicle-innovations-prend-de-lexpansion-a-lechelle-internationale-grace-a-lacquisition-dune-entreprise-canadienne-de-conversion-de-fourgonnettes-pour-faute\/#breadcrumb","itemListElement":[{"@type":"ListItem","position":1,"name":"Home","item":"https:\/\/wheelchairvans.ca\/fr-ca\/accueil\/"},{"@type":"ListItem","position":2,"name":"Driverge Vehicle Innovations prend de l\u2019expansion \u00e0 l\u2019\u00e9chelle internationale gr\u00e2ce \u00e0 l\u2019acquisition d\u2019une entreprise canadienne de conversion de fourgonnettes pour fauteuils roulants"}]},{"@type":"WebSite","@id":"https:\/\/wheelchairvans.ca\/fr-ca\/#website","url":"https:\/\/wheelchairvans.ca\/fr-ca\/","name":"Driverge Canada ULC","description":"","publisher":{"@id":"https:\/\/wheelchairvans.ca\/fr-ca\/#organization"},"potentialAction":[{"@type":"SearchAction","target":{"@type":"EntryPoint","urlTemplate":"https:\/\/wheelchairvans.ca\/fr-ca\/?s={search_term_string}"},"query-input":{"@type":"PropertyValueSpecification","valueRequired":true,"valueName":"search_term_string"}}],"inLanguage":"fr-CA"},{"@type":"Organization","@id":"https:\/\/wheelchairvans.ca\/fr-ca\/#organization","name":"Driverge Canada ULC","url":"https:\/\/wheelchairvans.ca\/fr-ca\/","logo":{"@type":"ImageObject","inLanguage":"fr-CA","@id":"https:\/\/wheelchairvans.ca\/fr-ca\/#\/schema\/logo\/image\/","url":"https:\/\/wheelchairvans.ca\/wp-content\/uploads\/2025\/09\/driverge-canada-logo-2.png","contentUrl":"https:\/\/wheelchairvans.ca\/wp-content\/uploads\/2025\/09\/driverge-canada-logo-2.png","width":800,"height":195,"caption":"Driverge Canada ULC"},"image":{"@id":"https:\/\/wheelchairvans.ca\/fr-ca\/#\/schema\/logo\/image\/"},"sameAs":["https:\/\/www.facebook.com\/savariabettermobility","https:\/\/x.com\/mobilityforlife","https:\/\/www.linkedin.com\/company\/savaria\/"]}]}},"_links":{"self":[{"href":"https:\/\/wheelchairvans.ca\/fr-ca\/wp-json\/wp\/v2\/pages\/10477","targetHints":{"allow":["GET"]}}],"collection":[{"href":"https:\/\/wheelchairvans.ca\/fr-ca\/wp-json\/wp\/v2\/pages"}],"about":[{"href":"https:\/\/wheelchairvans.ca\/fr-ca\/wp-json\/wp\/v2\/types\/page"}],"author":[{"embeddable":true,"href":"https:\/\/wheelchairvans.ca\/fr-ca\/wp-json\/wp\/v2\/users\/4"}],"replies":[{"embeddable":true,"href":"https:\/\/wheelchairvans.ca\/fr-ca\/wp-json\/wp\/v2\/comments?post=10477"}],"version-history":[{"count":0,"href":"https:\/\/wheelchairvans.ca\/fr-ca\/wp-json\/wp\/v2\/pages\/10477\/revisions"}],"wp:featuredmedia":[{"embeddable":true,"href":"https:\/\/wheelchairvans.ca\/fr-ca\/wp-json\/wp\/v2\/media\/10543"}],"wp:attachment":[{"href":"https:\/\/wheelchairvans.ca\/fr-ca\/wp-json\/wp\/v2\/media?parent=10477"}],"curies":[{"name":"wp","href":"https:\/\/api.w.org\/{rel}","templated":true}]}}